{"id":19,"date":"2016-11-17T17:11:13","date_gmt":"2016-11-17T17:11:13","guid":{"rendered":"http:\/\/www.motoreselectricoschina.com\/?page_id=19"},"modified":"2018-11-23T13:05:05","modified_gmt":"2018-11-23T13:05:05","slug":"motores-electricos","status":"publish","type":"page","link":"http:\/\/www.motoreselectricoschina.com\/index.php\/motores-electricos\/","title":{"rendered":"Motores El\u00e9ctricos"},"content":{"rendered":"<h2 style=\"text-align: center;\">Proveedores en China<\/h2>\n<p>&nbsp;<\/p>\n<p style=\"text-align: justify;\">Despu\u00e9s de m\u00e1s de 14 a\u00f1os de experiencia y hemos centrado nuestra actividad del suministro de motores el\u00e9ctricos en la provincia de Zhejiang. <strong>Localizaci\u00f3n perfecta por ser una zona de gran tradici\u00f3n industrial y contar con &nbsp;puertos internacionales de salidas directas para Europa<\/strong>.<\/p>\n<p style=\"text-align: justify;\">En dicha \u00e1rea hemos desarrollado acuerdos de fabricaci\u00f3n con proveedores de reconocido prestigio y fiabilidad.<\/p>\n<p style=\"text-align: justify;\">Empresas constituidas en los a\u00f1os 80\u2019s, que han ido desarrollando sus f\u00e1bricas haci\u00e9ndolas competitivas&nbsp; y adaptando sus m\u00e9todos productivos a la demanda y normativa internacional.<\/p>\n<blockquote>\n<p style=\"text-align: justify;\"><strong>Nuestros proveedores&nbsp; fabrican<\/strong> para la exportaci\u00f3n a Estados Unidos, Europa y Jap\u00f3n. Por lo que est\u00e1n obligados a cumplir <strong>con est\u00e1ndares de calidad occidentales. Y han obtenido todas las certificaciones necesarias<\/strong> para poder distribuir sus motores en esos mercados.<\/p>\n<\/blockquote>\n<p><img decoding=\"async\" loading=\"lazy\" class=\"size-full wp-image-45 aligncenter\" src=\"http:\/\/www.motoreselectricoschina.com\/wp-content\/uploads\/2016\/11\/fabrica_motores_electricos_china_bombas_agua.jpg\" alt=\"fabrica_motores_electricos_china_bombas_agua\" width=\"733\" height=\"218\" srcset=\"http:\/\/www.motoreselectricoschina.com\/wp-content\/uploads\/2016\/11\/fabrica_motores_electricos_china_bombas_agua.jpg 733w, http:\/\/www.motoreselectricoschina.com\/wp-content\/uploads\/2016\/11\/fabrica_motores_electricos_china_bombas_agua-300x89.jpg 300w, http:\/\/www.motoreselectricoschina.com\/wp-content\/uploads\/2016\/11\/fabrica_motores_electricos_china_bombas_agua-508x151.jpg 508w\" sizes=\"(max-width: 733px) 100vw, 733px\" \/><\/p>\n<p style=\"text-align: justify;\">Las &nbsp;f\u00e1bricas de <strong>nuestros proveedores &nbsp;han implementado los m\u00e1s&nbsp; elevados est\u00e1ndares de calidad.<\/strong>&nbsp; Cuentan con todos los equipo de comprobaci\u00f3n. Estos garantizan que todos los motores, equipos, bombas o accesorios que salen de sus f\u00e1bricas cumplen con la m\u00e1s estricta normativa.<\/p>\n<hr>\n<h4 style=\"text-align: center;\">Productos<\/h4>\n<p>&nbsp;<\/p>\n<p><a href=\"http:\/\/www.motoreselectricoschina.com\/index.php\/contacto\/\"><img decoding=\"async\" loading=\"lazy\" class=\"size-full wp-image-173 aligncenter\" src=\"http:\/\/www.motoreselectricoschina.com\/wp-content\/uploads\/2016\/12\/motores_electricos_proveedor_chino_fiable.jpg\" alt=\"motores_electricos_proveedor_chino_fiable\" width=\"1080\" height=\"655\" srcset=\"http:\/\/www.motoreselectricoschina.com\/wp-content\/uploads\/2016\/12\/motores_electricos_proveedor_chino_fiable.jpg 1080w, http:\/\/www.motoreselectricoschina.com\/wp-content\/uploads\/2016\/12\/motores_electricos_proveedor_chino_fiable-300x182.jpg 300w, http:\/\/www.motoreselectricoschina.com\/wp-content\/uploads\/2016\/12\/motores_electricos_proveedor_chino_fiable-768x466.jpg 768w, http:\/\/www.motoreselectricoschina.com\/wp-content\/uploads\/2016\/12\/motores_electricos_proveedor_chino_fiable-1024x621.jpg 1024w, http:\/\/www.motoreselectricoschina.com\/wp-content\/uploads\/2016\/12\/motores_electricos_proveedor_chino_fiable-508x308.jpg 508w\" sizes=\"(max-width: 1080px) 100vw, 1080px\" \/><\/a><\/p>\n<hr>\n<p><img decoding=\"async\" loading=\"lazy\" class=\" wp-image-71 aligncenter\" src=\"http:\/\/www.motoreselectricoschina.com\/wp-content\/uploads\/2016\/11\/motor_electrico_trifasico_proveedor_china.jpg\" alt=\"motor_electrico_trifasico_proveedor_china\" width=\"401\" height=\"326\" srcset=\"http:\/\/www.motoreselectricoschina.com\/wp-content\/uploads\/2016\/11\/motor_electrico_trifasico_proveedor_china.jpg 735w, http:\/\/www.motoreselectricoschina.com\/wp-content\/uploads\/2016\/11\/motor_electrico_trifasico_proveedor_china-300x244.jpg 300w, http:\/\/www.motoreselectricoschina.com\/wp-content\/uploads\/2016\/11\/motor_electrico_trifasico_proveedor_china-508x413.jpg 508w\" sizes=\"(max-width: 401px) 100vw, 401px\" \/><\/p>\n<hr>\n<p><img decoding=\"async\" loading=\"lazy\" class=\" wp-image-172 aligncenter\" src=\"http:\/\/www.motoreselectricoschina.com\/wp-content\/uploads\/2016\/12\/motor_electrico_fabrica_chino_fiable.jpg\" alt=\"motor_electrico_fabrica_chino_fiable\" width=\"395\" height=\"362\" srcset=\"http:\/\/www.motoreselectricoschina.com\/wp-content\/uploads\/2016\/12\/motor_electrico_fabrica_chino_fiable.jpg 600w, http:\/\/www.motoreselectricoschina.com\/wp-content\/uploads\/2016\/12\/motor_electrico_fabrica_chino_fiable-300x275.jpg 300w, http:\/\/www.motoreselectricoschina.com\/wp-content\/uploads\/2016\/12\/motor_electrico_fabrica_chino_fiable-508x466.jpg 508w\" sizes=\"(max-width: 395px) 100vw, 395px\" \/><\/p>\n<hr>\n<p style=\"text-align: justify;\"><img decoding=\"async\" loading=\"lazy\" class=\"wp-image-70 aligncenter\" src=\"http:\/\/www.motoreselectricoschina.com\/wp-content\/uploads\/2016\/11\/motor_electrico_proveedor_china.jpg\" alt=\"motor_electrico_proveedor_china\" width=\"401\" height=\"349\" srcset=\"http:\/\/www.motoreselectricoschina.com\/wp-content\/uploads\/2016\/11\/motor_electrico_proveedor_china.jpg 735w, http:\/\/www.motoreselectricoschina.com\/wp-content\/uploads\/2016\/11\/motor_electrico_proveedor_china-300x262.jpg 300w, http:\/\/www.motoreselectricoschina.com\/wp-content\/uploads\/2016\/11\/motor_electrico_proveedor_china-508x443.jpg 508w\" sizes=\"(max-width: 401px) 100vw, 401px\" \/><\/p>\n<hr>\n<p style=\"text-align: justify;\"><img decoding=\"async\" loading=\"lazy\" class=\" wp-image-171 aligncenter\" src=\"http:\/\/www.motoreselectricoschina.com\/wp-content\/uploads\/2016\/12\/motores_electricos_importar_china.jpg\" alt=\"motores_electricos_importar_china\" width=\"405\" height=\"308\" srcset=\"http:\/\/www.motoreselectricoschina.com\/wp-content\/uploads\/2016\/12\/motores_electricos_importar_china.jpg 700w, http:\/\/www.motoreselectricoschina.com\/wp-content\/uploads\/2016\/12\/motores_electricos_importar_china-300x228.jpg 300w, http:\/\/www.motoreselectricoschina.com\/wp-content\/uploads\/2016\/12\/motores_electricos_importar_china-508x387.jpg 508w\" sizes=\"(max-width: 405px) 100vw, 405px\" \/><\/p>\n<hr>\n<p style=\"text-align: justify;\"><img decoding=\"async\" loading=\"lazy\" class=\" wp-image-69 aligncenter\" src=\"http:\/\/www.motoreselectricoschina.com\/wp-content\/uploads\/2016\/11\/motor_electrico_trifasico_fabrica_china.jpg\" alt=\"motor_electrico_trifasico_fabrica_china\" width=\"401\" height=\"286\" srcset=\"http:\/\/www.motoreselectricoschina.com\/wp-content\/uploads\/2016\/11\/motor_electrico_trifasico_fabrica_china.jpg 733w, http:\/\/www.motoreselectricoschina.com\/wp-content\/uploads\/2016\/11\/motor_electrico_trifasico_fabrica_china-300x214.jpg 300w, http:\/\/www.motoreselectricoschina.com\/wp-content\/uploads\/2016\/11\/motor_electrico_trifasico_fabrica_china-508x362.jpg 508w\" sizes=\"(max-width: 401px) 100vw, 401px\" \/><\/p>\n<hr>\n<p style=\"text-align: center;\"><a href=\"http:\/\/bpoasia.net\"><strong>BPO Asia S.L<\/strong><\/a><\/p>\n","protected":false},"excerpt":{"rendered":"<p>Proveedores en China &nbsp; Despu\u00e9s de m\u00e1s de 14 a\u00f1os de experiencia y hemos centrado nuestra actividad del suministro de motores el\u00e9ctricos en la provincia de Zhejiang. Localizaci\u00f3n perfecta por ser una zona de gran tradici\u00f3n industrial y contar con &nbsp;puertos internacionales de salidas directas para Europa. En dicha \u00e1rea hemos desarrollado acuerdos de fabricaci\u00f3n [&hellip;]<\/p>\n","protected":false},"author":1,"featured_media":0,"parent":0,"menu_order":0,"comment_status":"closed","ping_status":"closed","template":"","meta":{"_monsterinsights_skip_tracking":false,"_monsterinsights_sitenote_active":false,"_monsterinsights_sitenote_note":"","_monsterinsights_sitenote_category":0},"tags":[8,25,17,9,6,7],"_links":{"self":[{"href":"http:\/\/www.motoreselectricoschina.com\/index.php\/wp-json\/wp\/v2\/pages\/19"}],"collection":[{"href":"http:\/\/www.motoreselectricoschina.com\/index.php\/wp-json\/wp\/v2\/pages"}],"about":[{"href":"http:\/\/www.motoreselectricoschina.com\/index.php\/wp-json\/wp\/v2\/types\/page"}],"author":[{"embeddable":true,"href":"http:\/\/www.motoreselectricoschina.com\/index.php\/wp-json\/wp\/v2\/users\/1"}],"replies":[{"embeddable":true,"href":"http:\/\/www.motoreselectricoschina.com\/index.php\/wp-json\/wp\/v2\/comments?post=19"}],"version-history":[{"count":16,"href":"http:\/\/www.motoreselectricoschina.com\/index.php\/wp-json\/wp\/v2\/pages\/19\/revisions"}],"predecessor-version":[{"id":56,"href":"http:\/\/www.motoreselectricoschina.com\/index.php\/wp-json\/wp\/v2\/pages\/19\/revisions\/56"}],"wp:attachment":[{"href":"http:\/\/www.motoreselectricoschina.com\/index.php\/wp-json\/wp\/v2\/media?parent=19"}],"wp:term":[{"taxonomy":"post_tag","embeddable":true,"href":"http:\/\/www.motoreselectricoschina.com\/index.php\/wp-json\/wp\/v2\/tags?post=19"}],"curies":[{"name":"wp","href":"https:\/\/api.w.org\/{rel}","templated":true}]}}