{"id":22,"date":"2016-11-17T17:13:17","date_gmt":"2016-11-17T17:13:17","guid":{"rendered":"http:\/\/www.motoreselectricoschina.com\/?page_id=22"},"modified":"2018-11-23T11:28:12","modified_gmt":"2018-11-23T11:28:12","slug":"bombas-de-agua","status":"publish","type":"page","link":"https:\/\/www.motoreselectricoschina.com\/index.php\/bombas-de-agua\/","title":{"rendered":"Bombas de agua"},"content":{"rendered":"<h3 style=\"text-align: center;\"><strong>proveedores&nbsp;<\/strong><\/h3>\n<p>&nbsp;<\/p>\n<p style=\"text-align: justify;\">Nuestros proveedores son <strong>fabricantes de bombas de agua el\u00e9ctricas,<\/strong>&nbsp; para diferentes aplicaciones. Todos ellos cumplen con la m\u00e1xima normativa europea. Sus&nbsp; f\u00e1bricas,&nbsp; localizadas en la provincia de Zhejiang,&nbsp; cerca del puerto de Ningbo, <strong>ofrecen gran variedad de bombas<\/strong> que se adaptan a las necesidades de nuestros clientes en diferentes \u00e1reas, de las que destacamos las siguientes:<\/p>\n<p>&nbsp;<\/p>\n<ul>\n<li>Bombas para SPA, hidromasaje y para piscinas<\/li>\n<li>Bombas perif\u00e9ricas<\/li>\n<li>Bombas centrifugas<\/li>\n<li>Bombas inyectoras auto-cebantes<\/li>\n<li>Bombas de agricultura<\/li>\n<\/ul>\n<p>&nbsp;<\/p>\n<p><a href=\"http:\/\/www.motoreselectricoschina.com\/index.php\/contacto\/\"><img decoding=\"async\" loading=\"lazy\" class=\"size-full wp-image-123 aligncenter\" src=\"http:\/\/www.motoreselectricoschina.com\/wp-content\/uploads\/2016\/11\/bombas_agua_china_fabricante_proveedor.jpg\" alt=\"bombas_agua_china_fabricante_proveedor\" width=\"705\" height=\"838\" srcset=\"https:\/\/www.motoreselectricoschina.com\/wp-content\/uploads\/2016\/11\/bombas_agua_china_fabricante_proveedor.jpg 705w, https:\/\/www.motoreselectricoschina.com\/wp-content\/uploads\/2016\/11\/bombas_agua_china_fabricante_proveedor-252x300.jpg 252w, https:\/\/www.motoreselectricoschina.com\/wp-content\/uploads\/2016\/11\/bombas_agua_china_fabricante_proveedor-508x604.jpg 508w\" sizes=\"(max-width: 705px) 100vw, 705px\" \/><\/a><\/p>\n<p>&nbsp;<\/p>\n<p><a href=\"http:\/\/www.motoreselectricoschina.com\/index.php\/contacto\/\"><img decoding=\"async\" loading=\"lazy\" class=\"size-full wp-image-126 aligncenter\" src=\"http:\/\/www.motoreselectricoschina.com\/wp-content\/uploads\/2016\/11\/bombas_agua_china_proveedor.jpg\" alt=\"bombas_agua_china_proveedor\" width=\"777\" height=\"924\" srcset=\"https:\/\/www.motoreselectricoschina.com\/wp-content\/uploads\/2016\/11\/bombas_agua_china_proveedor.jpg 777w, https:\/\/www.motoreselectricoschina.com\/wp-content\/uploads\/2016\/11\/bombas_agua_china_proveedor-252x300.jpg 252w, https:\/\/www.motoreselectricoschina.com\/wp-content\/uploads\/2016\/11\/bombas_agua_china_proveedor-768x913.jpg 768w, https:\/\/www.motoreselectricoschina.com\/wp-content\/uploads\/2016\/11\/bombas_agua_china_proveedor-508x604.jpg 508w\" sizes=\"(max-width: 777px) 100vw, 777px\" \/><\/a><\/p>\n<p>&nbsp;<\/p>\n<p><img decoding=\"async\" loading=\"lazy\" class=\"size-full wp-image-133 aligncenter\" src=\"http:\/\/www.motoreselectricoschina.com\/wp-content\/uploads\/2016\/11\/bombas_agua_china_fabricante.jpg\" alt=\"bombas_agua_china_fabricante\" width=\"632\" height=\"891\" srcset=\"https:\/\/www.motoreselectricoschina.com\/wp-content\/uploads\/2016\/11\/bombas_agua_china_fabricante.jpg 632w, https:\/\/www.motoreselectricoschina.com\/wp-content\/uploads\/2016\/11\/bombas_agua_china_fabricante-213x300.jpg 213w, https:\/\/www.motoreselectricoschina.com\/wp-content\/uploads\/2016\/11\/bombas_agua_china_fabricante-508x716.jpg 508w\" sizes=\"(max-width: 632px) 100vw, 632px\" \/><\/p>\n<p>&nbsp;<\/p>\n<p><img decoding=\"async\" loading=\"lazy\" class=\"size-full wp-image-140 aligncenter\" src=\"http:\/\/www.motoreselectricoschina.com\/wp-content\/uploads\/2016\/11\/bomba_agua_importar_fabricante.jpg\" alt=\"bomba_agua_importar_fabricante\" width=\"629\" height=\"548\" srcset=\"https:\/\/www.motoreselectricoschina.com\/wp-content\/uploads\/2016\/11\/bomba_agua_importar_fabricante.jpg 629w, https:\/\/www.motoreselectricoschina.com\/wp-content\/uploads\/2016\/11\/bomba_agua_importar_fabricante-300x261.jpg 300w, https:\/\/www.motoreselectricoschina.com\/wp-content\/uploads\/2016\/11\/bomba_agua_importar_fabricante-508x443.jpg 508w\" sizes=\"(max-width: 629px) 100vw, 629px\" \/><\/p>\n<p>&nbsp;<\/p>\n<p>&nbsp;<\/p>\n<hr>\n<p style=\"text-align: center;\"><a href=\"http:\/\/bpoasia.net\"><strong>BPO Asia S.L<\/strong><\/a><\/p>\n","protected":false},"excerpt":{"rendered":"<p>proveedores&nbsp; &nbsp; Nuestros proveedores son fabricantes de bombas de agua el\u00e9ctricas,&nbsp; para diferentes aplicaciones. Todos ellos cumplen con la m\u00e1xima normativa europea. Sus&nbsp; f\u00e1bricas,&nbsp; localizadas en la provincia de Zhejiang,&nbsp; cerca del puerto de Ningbo, ofrecen gran variedad de bombas que se adaptan a las necesidades de nuestros clientes en diferentes \u00e1reas, de las que [&hellip;]<\/p>\n","protected":false},"author":1,"featured_media":0,"parent":0,"menu_order":0,"comment_status":"closed","ping_status":"closed","template":"","meta":{"_monsterinsights_skip_tracking":false,"_monsterinsights_sitenote_active":false,"_monsterinsights_sitenote_note":"","_monsterinsights_sitenote_category":0},"tags":[22,3,24,5,23,4],"_links":{"self":[{"href":"https:\/\/www.motoreselectricoschina.com\/index.php\/wp-json\/wp\/v2\/pages\/22"}],"collection":[{"href":"https:\/\/www.motoreselectricoschina.com\/index.php\/wp-json\/wp\/v2\/pages"}],"about":[{"href":"https:\/\/www.motoreselectricoschina.com\/index.php\/wp-json\/wp\/v2\/types\/page"}],"author":[{"embeddable":true,"href":"https:\/\/www.motoreselectricoschina.com\/index.php\/wp-json\/wp\/v2\/users\/1"}],"replies":[{"embeddable":true,"href":"https:\/\/www.motoreselectricoschina.com\/index.php\/wp-json\/wp\/v2\/comments?post=22"}],"version-history":[{"count":26,"href":"https:\/\/www.motoreselectricoschina.com\/index.php\/wp-json\/wp\/v2\/pages\/22\/revisions"}],"predecessor-version":[{"id":219,"href":"https:\/\/www.motoreselectricoschina.com\/index.php\/wp-json\/wp\/v2\/pages\/22\/revisions\/219"}],"wp:attachment":[{"href":"https:\/\/www.motoreselectricoschina.com\/index.php\/wp-json\/wp\/v2\/media?parent=22"}],"wp:term":[{"taxonomy":"post_tag","embeddable":true,"href":"https:\/\/www.motoreselectricoschina.com\/index.php\/wp-json\/wp\/v2\/tags?post=22"}],"curies":[{"name":"wp","href":"https:\/\/api.w.org\/{rel}","templated":true}]}}