{"id":24,"date":"2016-11-17T17:13:43","date_gmt":"2016-11-17T17:13:43","guid":{"rendered":"http:\/\/www.motoreselectricoschina.com\/?page_id=24"},"modified":"2016-12-05T17:26:30","modified_gmt":"2016-12-05T17:26:30","slug":"accesorios-motores","status":"publish","type":"page","link":"https:\/\/www.motoreselectricoschina.com\/index.php\/accesorios-motores\/","title":{"rendered":"Accesorios"},"content":{"rendered":"<h2 style=\"text-align: center;\">Proveedores de accesorios<\/h2>\n<p>&nbsp;<\/p>\n<p style=\"text-align: justify;\">Nuestros proveedores proporcionan tambi\u00e9n todos los accesorios relacionados con los motores el\u00e9ctricos y bombas de agua que fabrican, como:<\/p>\n<p>&nbsp;<\/p>\n<ul style=\"list-style-type: square;\">\n<li>Carcasas<\/li>\n<li>Componentes de fundici\u00f3n<\/li>\n<li>Condensadores<\/li>\n<li>Rodamientos<\/li>\n<li>Cables<\/li>\n<li>Cajas para terminales<\/li>\n<li>V\u00e1lvulas<\/li>\n<li>Racors y tubos<\/li>\n<li>Man\u00f3metros<\/li>\n<li>Tanques a presi\u00f3n<\/li>\n<li>Reductoras<\/li>\n<\/ul>\n<p>&nbsp;<\/p>\n<p>&nbsp;<\/p>\n<h4 style=\"text-align: center;\">Accesorios motores<\/h4>\n<p>&nbsp;<\/p>\n<p><img decoding=\"async\" loading=\"lazy\" class=\" wp-image-49 aligncenter\" src=\"http:\/\/www.motoreselectricoschina.com\/wp-content\/uploads\/2016\/11\/condensadores_motor_electrico.jpg\" alt=\"condensadores_motor_electrico\" width=\"287\" height=\"287\" srcset=\"https:\/\/www.motoreselectricoschina.com\/wp-content\/uploads\/2016\/11\/condensadores_motor_electrico.jpg 350w, https:\/\/www.motoreselectricoschina.com\/wp-content\/uploads\/2016\/11\/condensadores_motor_electrico-150x150.jpg 150w, https:\/\/www.motoreselectricoschina.com\/wp-content\/uploads\/2016\/11\/condensadores_motor_electrico-300x300.jpg 300w\" sizes=\"(max-width: 287px) 100vw, 287px\" \/><\/p>\n<hr>\n<p>&nbsp;<\/p>\n<p><img decoding=\"async\" loading=\"lazy\" class=\" wp-image-182 aligncenter\" src=\"http:\/\/www.motoreselectricoschina.com\/wp-content\/uploads\/2016\/12\/accesorios_motor_electrico_proveedor_chino_rodamiento.jpg\" alt=\"accesorios_motor_electrico_proveedor_chino_rodamiento\" width=\"286\" height=\"233\" srcset=\"https:\/\/www.motoreselectricoschina.com\/wp-content\/uploads\/2016\/12\/accesorios_motor_electrico_proveedor_chino_rodamiento.jpg 350w, https:\/\/www.motoreselectricoschina.com\/wp-content\/uploads\/2016\/12\/accesorios_motor_electrico_proveedor_chino_rodamiento-300x244.jpg 300w\" sizes=\"(max-width: 286px) 100vw, 286px\" \/><\/p>\n<hr>\n<p><img decoding=\"async\" loading=\"lazy\" class=\" wp-image-181 aligncenter\" src=\"http:\/\/www.motoreselectricoschina.com\/wp-content\/uploads\/2016\/12\/accesorios_motor_electrico_proveedor_chino.jpg\" alt=\"accesorios_motor_electrico_proveedor_chino\" width=\"267\" height=\"267\" srcset=\"https:\/\/www.motoreselectricoschina.com\/wp-content\/uploads\/2016\/12\/accesorios_motor_electrico_proveedor_chino.jpg 350w, https:\/\/www.motoreselectricoschina.com\/wp-content\/uploads\/2016\/12\/accesorios_motor_electrico_proveedor_chino-150x150.jpg 150w, https:\/\/www.motoreselectricoschina.com\/wp-content\/uploads\/2016\/12\/accesorios_motor_electrico_proveedor_chino-300x300.jpg 300w\" sizes=\"(max-width: 267px) 100vw, 267px\" \/><\/p>\n<hr>\n<h4 style=\"text-align: center;\">ACCESORIOS&nbsp;bombas de agua<\/h4>\n<p><img decoding=\"async\" loading=\"lazy\" class=\" wp-image-180 aligncenter\" src=\"http:\/\/www.motoreselectricoschina.com\/wp-content\/uploads\/2016\/12\/accesorios_bomba_agua_proveedor_chino_palanca.jpg\" alt=\"accesorios_bomba_agua_proveedor_chino_palanca\" width=\"199\" height=\"148\" srcset=\"https:\/\/www.motoreselectricoschina.com\/wp-content\/uploads\/2016\/12\/accesorios_bomba_agua_proveedor_chino_palanca.jpg 412w, https:\/\/www.motoreselectricoschina.com\/wp-content\/uploads\/2016\/12\/accesorios_bomba_agua_proveedor_chino_palanca-300x223.jpg 300w\" sizes=\"(max-width: 199px) 100vw, 199px\" \/><\/p>\n<hr>\n<p><img decoding=\"async\" loading=\"lazy\" class=\" wp-image-179 aligncenter\" src=\"http:\/\/www.motoreselectricoschina.com\/wp-content\/uploads\/2016\/12\/accesorios_bomba_agua_proveedor_chino.jpg\" alt=\"accesorios_bomba_agua_proveedor_chino\" width=\"179\" height=\"209\" srcset=\"https:\/\/www.motoreselectricoschina.com\/wp-content\/uploads\/2016\/12\/accesorios_bomba_agua_proveedor_chino.jpg 522w, https:\/\/www.motoreselectricoschina.com\/wp-content\/uploads\/2016\/12\/accesorios_bomba_agua_proveedor_chino-256x300.jpg 256w, https:\/\/www.motoreselectricoschina.com\/wp-content\/uploads\/2016\/12\/accesorios_bomba_agua_proveedor_chino-508x595.jpg 508w\" sizes=\"(max-width: 179px) 100vw, 179px\" \/><\/p>\n<hr>\n<p><img decoding=\"async\" loading=\"lazy\" class=\" wp-image-183 aligncenter\" src=\"http:\/\/www.motoreselectricoschina.com\/wp-content\/uploads\/2016\/12\/complemento_bomba_agua_proveedor_chino.jpg\" alt=\"complemento_bomba_agua_proveedor_chino\" width=\"217\" height=\"173\" srcset=\"https:\/\/www.motoreselectricoschina.com\/wp-content\/uploads\/2016\/12\/complemento_bomba_agua_proveedor_chino.jpg 460w, https:\/\/www.motoreselectricoschina.com\/wp-content\/uploads\/2016\/12\/complemento_bomba_agua_proveedor_chino-300x239.jpg 300w\" sizes=\"(max-width: 217px) 100vw, 217px\" \/><\/p>\n<hr>\n<p>&nbsp;<\/p>\n<p>&nbsp;<\/p>\n<p>&nbsp;<\/p>\n","protected":false},"excerpt":{"rendered":"<p>Proveedores de accesorios &nbsp; Nuestros proveedores proporcionan tambi\u00e9n todos los accesorios relacionados con los motores el\u00e9ctricos y bombas de agua que fabrican, como: &nbsp; Carcasas Componentes de fundici\u00f3n Condensadores Rodamientos Cables Cajas para terminales V\u00e1lvulas Racors y tubos Man\u00f3metros Tanques a presi\u00f3n Reductoras &nbsp; &nbsp; Accesorios motores &nbsp; &nbsp; ACCESORIOS&nbsp;bombas de agua &nbsp; &nbsp; &nbsp;<\/p>\n","protected":false},"author":1,"featured_media":0,"parent":0,"menu_order":0,"comment_status":"closed","ping_status":"closed","template":"","meta":{"_monsterinsights_skip_tracking":false,"_monsterinsights_sitenote_active":false,"_monsterinsights_sitenote_note":"","_monsterinsights_sitenote_category":0},"tags":[11,10,8,13,12],"_links":{"self":[{"href":"https:\/\/www.motoreselectricoschina.com\/index.php\/wp-json\/wp\/v2\/pages\/24"}],"collection":[{"href":"https:\/\/www.motoreselectricoschina.com\/index.php\/wp-json\/wp\/v2\/pages"}],"about":[{"href":"https:\/\/www.motoreselectricoschina.com\/index.php\/wp-json\/wp\/v2\/types\/page"}],"author":[{"embeddable":true,"href":"https:\/\/www.motoreselectricoschina.com\/index.php\/wp-json\/wp\/v2\/users\/1"}],"replies":[{"embeddable":true,"href":"https:\/\/www.motoreselectricoschina.com\/index.php\/wp-json\/wp\/v2\/comments?post=24"}],"version-history":[{"count":12,"href":"https:\/\/www.motoreselectricoschina.com\/index.php\/wp-json\/wp\/v2\/pages\/24\/revisions"}],"predecessor-version":[{"id":201,"href":"https:\/\/www.motoreselectricoschina.com\/index.php\/wp-json\/wp\/v2\/pages\/24\/revisions\/201"}],"wp:attachment":[{"href":"https:\/\/www.motoreselectricoschina.com\/index.php\/wp-json\/wp\/v2\/media?parent=24"}],"wp:term":[{"taxonomy":"post_tag","embeddable":true,"href":"https:\/\/www.motoreselectricoschina.com\/index.php\/wp-json\/wp\/v2\/tags?post=24"}],"curies":[{"name":"wp","href":"https:\/\/api.w.org\/{rel}","templated":true}]}}