{"id":26,"date":"2016-11-17T17:14:11","date_gmt":"2016-11-17T17:14:11","guid":{"rendered":"http:\/\/www.motoreselectricoschina.com\/?page_id=26"},"modified":"2018-04-12T10:47:03","modified_gmt":"2018-04-12T10:47:03","slug":"grandes-motores","status":"publish","type":"page","link":"https:\/\/www.motoreselectricoschina.com\/index.php\/grandes-motores\/","title":{"rendered":"Grandes Motores"},"content":{"rendered":"<h3 style=\"text-align: center;\">Proveedores<\/h3>\n<p style=\"text-align: justify;\">Nuestros proveedores de grandes motores, ubicados en la zona de Wuxi, en la provincia de Jiangsu. <strong>Son empresas profesionales fabricantes de motores y generadores&nbsp; de mediana y gran escala<\/strong> (200KW y superior). Fabricas con \u00e1rea industrial de m\u00e1s 100.000 m\u00b2, y con capacidades productivas superior a&nbsp; 3,000MW.<\/p>\n<p style=\"text-align: justify;\">Estas f\u00e1bricas cuentan con importantes centros de I+D. Trabajan en colaboraci\u00f3n con centros de investigaci\u00f3n de Jiangsu, lo que les da una importe capacidad de desarrollo.<\/p>\n<p style=\"text-align: justify;\">En producci\u00f3n cumplen con las m\u00e1s estrictas regulaciones, t\u00e9cnicas productivas, y <strong>est\u00e1ndares de calidad.<\/strong>&nbsp;Lo que les permite entregar equipos de la m\u00e1s alta calidad mundial.<\/p>\n<p style=\"text-align: justify;\">Utilizando t\u00e9cnicas de la informaci\u00f3n como PDM,ERP y OA.&nbsp; Adoptan&nbsp; tecnicas de gesti\u00f3n estrictas para suministrar productos de alta calidad a clientes de todo el mundo. &nbsp;Nuestros proveedores cuentan con <strong>certificaciones ISO9001, ISO14001, OHSAS18001<\/strong>, certificados CE, UL, ABS, BV, CCS. Tienen registradas m\u00e1s de 300 patentes, y siguen los siguientes est\u00e1ndares ejecutivos:IEC-60034-1,&nbsp; IEC-60060-1 ,&nbsp; IEC-60034-14 , IEC60034-6,&nbsp; IEC-60034-16-1, IEC-60034-7, IEC-60034-5 , IEC-60034-9.<\/p>\n<hr>\n<table style=\"border-color: #3d3d3d; width: 549px;\" border=\"10\">\n<tbody>\n<tr style=\"border-color: #000000; background-color: #287eb0; height: 44px;\">\n<td style=\"height: 44px; width: 332px; text-align: left;\"><strong><span style=\"color: #e0e0e0;\">Tipo de Motor&nbsp;<\/span><\/strong><\/td>\n<td style=\"height: 44px; width: 10px; text-align: center;\"><strong><span style=\"color: #e0e0e0;\">Modelo<\/span><\/strong><\/td>\n<td style=\"height: 44px; text-align: left; width: 152px;\"><strong><span style=\"color: #e0e0e0;\">Capacidad<\/span><\/strong><\/td>\n<td style=\"height: 44px; text-align: left; width: 204px;\"><strong><span style=\"color: #e0e0e0;\">Producto tipo<\/span><\/strong><\/td>\n<\/tr>\n<tr style=\"height: 45px;\">\n<td style=\"height: 45px; width: 332px; text-align: left;\"><strong>Generador e\u00f3lico<\/strong><\/td>\n<td style=\"height: 45px; width: 10px;\"><span style=\"color: #808080;\">DD\/FF\/DD,DF<\/span><\/td>\n<td style=\"height: 45px; width: 152px;\"><span style=\"color: #808080;\">1,5-10MW<\/span><\/td>\n<td style=\"height: 45px; width: 204px;\"><span style=\"color: #808080;\">6MW<\/span><\/td>\n<\/tr>\n<tr style=\"height: 45px;\">\n<td style=\"height: 45px; width: 332px; text-align: left;\"><strong>Motor CA de jaula de ardilla<\/strong><\/td>\n<td style=\"height: 45px; width: 10px; text-align: center;\"><span style=\"color: #808080;\">YKS\/YBK\/YJK\/ YB2 \/YAKK<\/span><\/td>\n<td style=\"height: 45px; width: 152px;\"><span style=\"color: #808080;\">160-250000KW<\/span><\/td>\n<td style=\"height: 45px; width: 204px;\"><span style=\"color: #808080;\">12000KW 10KV 1000rpm<\/span><\/td>\n<\/tr>\n<tr style=\"height: 45px;\">\n<td style=\"height: 45px; width: 332px; text-align: left;\"><strong>Motor CA de inducci\u00f3n trif\u00e1sico de anillos<\/strong><\/td>\n<td style=\"height: 45px; width: 10px;\"><span style=\"color: #808080;\">YR\/RKS\/YRKK<\/span><\/td>\n<td style=\"height: 45px; width: 152px;\"><span style=\"color: #808080;\">220-1800KW<\/span><\/td>\n<td style=\"height: 45px; width: 204px;\"><span style=\"color: #808080;\">6300KW 10KV 3000\/3600rpm<\/span><\/td>\n<\/tr>\n<tr style=\"height: 45px;\">\n<td style=\"height: 45px; width: 332px; text-align: left;\"><strong>Motor Sincronico<\/strong><\/td>\n<td style=\"height: 45px; width: 10px; text-align: center;\"><span style=\"color: #808080;\">TF, TD<\/span><\/td>\n<td style=\"height: 45px; width: 152px;\"><span style=\"color: #808080;\">200-60000KVA<\/span><\/td>\n<td style=\"height: 45px; width: 204px;\"><span style=\"color: #808080;\">7000KW 1650V 50\/100rpm (197T)<\/span><\/td>\n<\/tr>\n<tr style=\"height: 45px;\">\n<td style=\"height: 45px; width: 332px; text-align: left;\"><strong>Motor DC<\/strong><\/td>\n<td style=\"height: 45px; width: 10px; text-align: center;\"><span style=\"color: #808080;\">Z<\/span><\/td>\n<td style=\"height: 45px; width: 152px;\"><span style=\"color: #808080;\">60-2800KW<\/span><\/td>\n<td style=\"height: 45px; width: 204px;\"><span style=\"color: #808080;\">2500KW 860V 200\/500rpm<\/span><\/td>\n<\/tr>\n<tr style=\"height: 45px;\">\n<td style=\"height: 45px; width: 332px; text-align: left;\"><strong>Motor DC<\/strong><\/td>\n<td style=\"height: 45px; width: 10px; text-align: center;\"><span style=\"color: #808080;\">ZD<\/span><\/td>\n<td style=\"height: 45px; width: 152px;\"><span style=\"color: #808080;\">2800-6000KW<\/span><\/td>\n<td style=\"height: 45px; width: 204px;\">\n<p><span style=\"color: #808080;\">4200KW 1050V 50\/120rpm<\/span><\/p>\n<p><span style=\"color: #808080;\">4500KW 950V 145\/300rpm<\/span><\/td>\n<\/tr>\n<tr style=\"height: 45px;\">\n<td style=\"height: 45px; width: 332px; text-align: left;\"><strong>Generador<\/strong><\/td>\n<td style=\"height: 45px; width: 10px; text-align: center;\"><span style=\"color: #808080;\">TFC\/QF\/ QFW\/SCG<\/span><\/td>\n<td style=\"height: 45px; width: 152px;\"><span style=\"color: #808080;\">3-100MW<\/span><\/td>\n<td style=\"height: 45px; width: 204px;\"><span style=\"color: #808080;\">50000KVA 13800V 3000\/3600rpm<\/span><\/td>\n<\/tr>\n<\/tbody>\n<\/table>\n<hr>\n<p style=\"text-align: center;\"><img decoding=\"async\" loading=\"lazy\" class=\" wp-image-50 aligncenter\" src=\"http:\/\/www.motoreselectricoschina.com\/wp-content\/uploads\/2016\/11\/grandes_motores_DC_traction_motor.jpg\" alt=\"grandes_motores_dc_traction_motor\" width=\"494\" height=\"377\" srcset=\"https:\/\/www.motoreselectricoschina.com\/wp-content\/uploads\/2016\/11\/grandes_motores_DC_traction_motor.jpg 756w, https:\/\/www.motoreselectricoschina.com\/wp-content\/uploads\/2016\/11\/grandes_motores_DC_traction_motor-300x229.jpg 300w, https:\/\/www.motoreselectricoschina.com\/wp-content\/uploads\/2016\/11\/grandes_motores_DC_traction_motor-508x388.jpg 508w\" sizes=\"(max-width: 494px) 100vw, 494px\" \/><\/p>\n<p style=\"text-align: center;\"><img decoding=\"async\" loading=\"lazy\" class=\" wp-image-89 aligncenter\" src=\"http:\/\/www.motoreselectricoschina.com\/wp-content\/uploads\/2016\/11\/turbo_generador_fabricante_china_importar.jpg\" alt=\"turbo_generador_fabricante_china_importar\" width=\"498\" height=\"340\" srcset=\"https:\/\/www.motoreselectricoschina.com\/wp-content\/uploads\/2016\/11\/turbo_generador_fabricante_china_importar.jpg 680w, https:\/\/www.motoreselectricoschina.com\/wp-content\/uploads\/2016\/11\/turbo_generador_fabricante_china_importar-300x205.jpg 300w, https:\/\/www.motoreselectricoschina.com\/wp-content\/uploads\/2016\/11\/turbo_generador_fabricante_china_importar-508x347.jpg 508w\" sizes=\"(max-width: 498px) 100vw, 498px\" \/><\/p>\n<p style=\"text-align: center;\"><img decoding=\"async\" loading=\"lazy\" class=\" wp-image-90 aligncenter\" src=\"http:\/\/www.motoreselectricoschina.com\/wp-content\/uploads\/2016\/11\/generador_eolico_fabricante_china.jpg\" alt=\"generador_eolico_fabricante_china\" width=\"495\" height=\"328\" srcset=\"https:\/\/www.motoreselectricoschina.com\/wp-content\/uploads\/2016\/11\/generador_eolico_fabricante_china.jpg 580w, https:\/\/www.motoreselectricoschina.com\/wp-content\/uploads\/2016\/11\/generador_eolico_fabricante_china-300x199.jpg 300w, https:\/\/www.motoreselectricoschina.com\/wp-content\/uploads\/2016\/11\/generador_eolico_fabricante_china-508x336.jpg 508w\" sizes=\"(max-width: 495px) 100vw, 495px\" \/><\/p>\n<hr>\n<p style=\"text-align: center;\"><a href=\"http:\/\/bpoasia.net\"><strong>BPO Asia S.L<\/strong><\/a><\/p>\n","protected":false},"excerpt":{"rendered":"<p>Proveedores Nuestros proveedores de grandes motores, ubicados en la zona de Wuxi, en la provincia de Jiangsu. Son empresas profesionales fabricantes de motores y generadores&nbsp; de mediana y gran escala (200KW y superior). Fabricas con \u00e1rea industrial de m\u00e1s 100.000 m\u00b2, y con capacidades productivas superior a&nbsp; 3,000MW. Estas f\u00e1bricas cuentan con importantes centros de [&hellip;]<\/p>\n","protected":false},"author":1,"featured_media":0,"parent":0,"menu_order":0,"comment_status":"closed","ping_status":"closed","template":"","meta":{"_monsterinsights_skip_tracking":false,"_monsterinsights_sitenote_active":false,"_monsterinsights_sitenote_note":"","_monsterinsights_sitenote_category":0},"tags":[18,16,20,19,17,21],"_links":{"self":[{"href":"https:\/\/www.motoreselectricoschina.com\/index.php\/wp-json\/wp\/v2\/pages\/26"}],"collection":[{"href":"https:\/\/www.motoreselectricoschina.com\/index.php\/wp-json\/wp\/v2\/pages"}],"about":[{"href":"https:\/\/www.motoreselectricoschina.com\/index.php\/wp-json\/wp\/v2\/types\/page"}],"author":[{"embeddable":true,"href":"https:\/\/www.motoreselectricoschina.com\/index.php\/wp-json\/wp\/v2\/users\/1"}],"replies":[{"embeddable":true,"href":"https:\/\/www.motoreselectricoschina.com\/index.php\/wp-json\/wp\/v2\/comments?post=26"}],"version-history":[{"count":30,"href":"https:\/\/www.motoreselectricoschina.com\/index.php\/wp-json\/wp\/v2\/pages\/26\/revisions"}],"predecessor-version":[{"id":215,"href":"https:\/\/www.motoreselectricoschina.com\/index.php\/wp-json\/wp\/v2\/pages\/26\/revisions\/215"}],"wp:attachment":[{"href":"https:\/\/www.motoreselectricoschina.com\/index.php\/wp-json\/wp\/v2\/media?parent=26"}],"wp:term":[{"taxonomy":"post_tag","embeddable":true,"href":"https:\/\/www.motoreselectricoschina.com\/index.php\/wp-json\/wp\/v2\/tags?post=26"}],"curies":[{"name":"wp","href":"https:\/\/api.w.org\/{rel}","templated":true}]}}