{"id":5,"date":"2016-11-17T15:07:36","date_gmt":"2016-11-17T15:07:36","guid":{"rendered":"http:\/\/www.motoreselectricoschina.com\/?page_id=5"},"modified":"2023-10-06T09:41:24","modified_gmt":"2023-10-06T09:41:24","slug":"motores-electricos-en-china","status":"publish","type":"page","link":"https:\/\/www.motoreselectricoschina.com\/","title":{"rendered":"MOTORES EL\u00c9CTRICOS EN CHINA"},"content":{"rendered":"<h2 style=\"text-align: center;\">PROVEEDORES EN CHINA<\/h2>\n<p style=\"text-align: justify;\">Constituida \u00a0a principio de 2002, BPO Asia ha enfocado su actividad a\u00a0 \u00e1reas industriales ligadas a los motores el\u00e9ctricos, bombas de agua, grandes motores, y todos sus accesorios.<\/p>\n<p style=\"text-align: justify;\">Los motores el\u00e9ctricos \u00a0y todo lo que va ligado a su producci\u00f3n se han convertido en parte de nuestra experiencia.<\/p>\n<p style=\"text-align: justify;\">En esta industria, como consecuencia de\u00a0 nuestra actividad en la \u00a0externalizaci\u00f3n de compras y fabricaci\u00f3n en China.\u00a0 Podemos ofertar a nuestros clientes,\u00a0<strong>toda la variedad de motores y accesorios. Fabricados por proveedores fiables<\/strong> que cumplen con las normativas m\u00e1s estrictas de calidad.<\/p>\n<p><img decoding=\"async\" loading=\"lazy\" class=\"size-full wp-image-43 aligncenter\" src=\"http:\/\/www.motoreselectricoschina.com\/wp-content\/uploads\/2016\/11\/proveedor_motores_electricos_china_bombas_agua.jpg\" alt=\"proveedor_motores_electricos_china_bombas_agua\" width=\"990\" height=\"400\" srcset=\"https:\/\/www.motoreselectricoschina.com\/wp-content\/uploads\/2016\/11\/proveedor_motores_electricos_china_bombas_agua.jpg 990w, https:\/\/www.motoreselectricoschina.com\/wp-content\/uploads\/2016\/11\/proveedor_motores_electricos_china_bombas_agua-300x121.jpg 300w, https:\/\/www.motoreselectricoschina.com\/wp-content\/uploads\/2016\/11\/proveedor_motores_electricos_china_bombas_agua-768x310.jpg 768w, https:\/\/www.motoreselectricoschina.com\/wp-content\/uploads\/2016\/11\/proveedor_motores_electricos_china_bombas_agua-508x205.jpg 508w\" sizes=\"(max-width: 990px) 100vw, 990px\" \/><\/p>\n<blockquote>\n<p style=\"text-align: justify;\">Nuestros a\u00f1os de trabajo han servido para establecer <strong>relaciones s\u00f3lidas con proveedores fiables. Capaces de suministrar motores, bombas de agua y accesorios.<\/strong>\u00a0Con responsabilidad que permite reducir al m\u00ednimo cualquier posible riesgo en nuestra actividad.<\/p>\n<\/blockquote>\n<p style=\"text-align: justify;\">Si est\u00e1 interesado en externalizar la fabricaci\u00f3n y compra de motores el\u00e9ctricos, bombas de agua, grandes motores y sus accesorios, \u00a0<a href=\"http:\/\/bpoasia.net\">somos la empresa que necesita<\/a>.<\/p>\n<hr \/>\n<p><img decoding=\"async\" loading=\"lazy\" class=\"wp-image-229  aligncenter\" src=\"http:\/\/www.motoreselectricoschina.com\/wp-content\/uploads\/2023\/10\/1.BPO-Asia-logo-20041.png\" alt=\"\" width=\"252\" height=\"82\" srcset=\"https:\/\/www.motoreselectricoschina.com\/wp-content\/uploads\/2023\/10\/1.BPO-Asia-logo-20041.png 2600w, https:\/\/www.motoreselectricoschina.com\/wp-content\/uploads\/2023\/10\/1.BPO-Asia-logo-20041-300x98.png 300w, https:\/\/www.motoreselectricoschina.com\/wp-content\/uploads\/2023\/10\/1.BPO-Asia-logo-20041-1024x334.png 1024w, https:\/\/www.motoreselectricoschina.com\/wp-content\/uploads\/2023\/10\/1.BPO-Asia-logo-20041-768x250.png 768w, https:\/\/www.motoreselectricoschina.com\/wp-content\/uploads\/2023\/10\/1.BPO-Asia-logo-20041-1536x500.png 1536w, https:\/\/www.motoreselectricoschina.com\/wp-content\/uploads\/2023\/10\/1.BPO-Asia-logo-20041-2048x667.png 2048w, https:\/\/www.motoreselectricoschina.com\/wp-content\/uploads\/2023\/10\/1.BPO-Asia-logo-20041-1240x404.png 1240w, https:\/\/www.motoreselectricoschina.com\/wp-content\/uploads\/2023\/10\/1.BPO-Asia-logo-20041-508x165.png 508w\" sizes=\"(max-width: 252px) 100vw, 252px\" \/><\/p>\n","protected":false},"excerpt":{"rendered":"<p>PROVEEDORES EN CHINA Constituida \u00a0a principio de 2002, BPO Asia ha enfocado su actividad a\u00a0 \u00e1reas industriales ligadas a los motores el\u00e9ctricos, bombas de agua, grandes motores, y todos sus accesorios. Los motores el\u00e9ctricos \u00a0y todo lo que va ligado a su producci\u00f3n se han convertido en parte de nuestra experiencia. En esta industria, como [&hellip;]<\/p>\n","protected":false},"author":1,"featured_media":0,"parent":0,"menu_order":0,"comment_status":"closed","ping_status":"closed","template":"","meta":{"_monsterinsights_skip_tracking":false,"_monsterinsights_sitenote_active":false,"_monsterinsights_sitenote_note":"","_monsterinsights_sitenote_category":0},"tags":[15,8,16,6,14],"_links":{"self":[{"href":"https:\/\/www.motoreselectricoschina.com\/index.php\/wp-json\/wp\/v2\/pages\/5"}],"collection":[{"href":"https:\/\/www.motoreselectricoschina.com\/index.php\/wp-json\/wp\/v2\/pages"}],"about":[{"href":"https:\/\/www.motoreselectricoschina.com\/index.php\/wp-json\/wp\/v2\/types\/page"}],"author":[{"embeddable":true,"href":"https:\/\/www.motoreselectricoschina.com\/index.php\/wp-json\/wp\/v2\/users\/1"}],"replies":[{"embeddable":true,"href":"https:\/\/www.motoreselectricoschina.com\/index.php\/wp-json\/wp\/v2\/comments?post=5"}],"version-history":[{"count":21,"href":"https:\/\/www.motoreselectricoschina.com\/index.php\/wp-json\/wp\/v2\/pages\/5\/revisions"}],"predecessor-version":[{"id":238,"href":"https:\/\/www.motoreselectricoschina.com\/index.php\/wp-json\/wp\/v2\/pages\/5\/revisions\/238"}],"wp:attachment":[{"href":"https:\/\/www.motoreselectricoschina.com\/index.php\/wp-json\/wp\/v2\/media?parent=5"}],"wp:term":[{"taxonomy":"post_tag","embeddable":true,"href":"https:\/\/www.motoreselectricoschina.com\/index.php\/wp-json\/wp\/v2\/tags?post=5"}],"curies":[{"name":"wp","href":"https:\/\/api.w.org\/{rel}","templated":true}]}}